{"id":312,"date":"2025-12-04T11:27:43","date_gmt":"2025-12-04T11:27:43","guid":{"rendered":"https:\/\/theriver.ro\/templatelybuilders-property-details\/"},"modified":"2026-03-02T19:22:43","modified_gmt":"2026-03-02T19:22:43","slug":"ghidul-oaspetilor","status":"publish","type":"page","link":"https:\/\/staging.theriver.ro\/en\/ghidul-oaspetilor\/","title":{"rendered":"Guest Guide"},"content":{"rendered":"<div data-elementor-type=\"wp-page\" data-elementor-id=\"312\" class=\"elementor elementor-312\" data-elementor-post-type=\"page\">\n\t\t\t\t\t\t<section class=\"elementor-section elementor-top-section elementor-element elementor-element-45d613ea elementor-section-boxed elementor-section-height-default elementor-section-height-default\" data-id=\"45d613ea\" data-element_type=\"section\" data-settings=\"{&quot;background_background&quot;:&quot;classic&quot;}\">\n\t\t\t\t\t\t<div class=\"elementor-container elementor-column-gap-no\">\n\t\t\t\t\t<div class=\"elementor-column elementor-col-100 elementor-top-column elementor-element elementor-element-7544e206\" data-id=\"7544e206\" data-element_type=\"column\">\n\t\t\t<div class=\"elementor-widget-wrap elementor-element-populated\">\n\t\t\t\t\t\t<section class=\"elementor-section elementor-inner-section elementor-element elementor-element-8713a2e elementor-section-boxed elementor-section-height-default elementor-section-height-default\" data-id=\"8713a2e\" data-element_type=\"section\" data-settings=\"{&quot;animation&quot;:&quot;none&quot;}\">\n\t\t\t\t\t\t<div class=\"elementor-container elementor-column-gap-no\">\n\t\t\t\t\t<div class=\"elementor-column elementor-col-100 elementor-inner-column elementor-element elementor-element-7641ac68\" data-id=\"7641ac68\" data-element_type=\"column\">\n\t\t\t<div class=\"elementor-widget-wrap elementor-element-populated\">\n\t\t\t\t\t\t<div class=\"elementor-element elementor-element-2617d782 elementor-widget elementor-widget-heading\" data-id=\"2617d782\" data-element_type=\"widget\" data-widget_type=\"heading.default\">\n\t\t\t\t\t<span class=\"elementor-heading-title elementor-size-default\">Ghidul oaspe\u021bilor<\/span>\t\t\t\t<\/div>\n\t\t\t\t<div class=\"elementor-element elementor-element-13bb5fce elementor-widget elementor-widget-text-editor\" data-id=\"13bb5fce\" data-element_type=\"widget\" data-widget_type=\"text-editor.default\">\n\t\t\t\t\t\t\t\t\t<p>Informa\u021biile de mai jos te ajut\u0103 s\u0103 te bucuri de o experien\u021b\u0103 pl\u0103cut\u0103 \u0219i relaxat\u0103. Te rug\u0103m s\u0103 le consul\u021bi \u00eenainte de sosire, pentru o \u0219edere f\u0103r\u0103 griji.<\/p>\t\t\t\t\t\t\t\t<\/div>\n\t\t\t\t\t<\/div>\n\t\t<\/div>\n\t\t\t\t\t<\/div>\n\t\t<\/section>\n\t\t\t\t\t<\/div>\n\t\t<\/div>\n\t\t\t\t\t<\/div>\n\t\t<\/section>\n\t\t\t\t<section class=\"elementor-section elementor-top-section elementor-element elementor-element-6b58d35a elementor-section-stretched elementor-section-boxed elementor-section-height-default elementor-section-height-default\" data-id=\"6b58d35a\" data-element_type=\"section\" data-settings=\"{&quot;stretch_section&quot;:&quot;section-stretched&quot;}\">\n\t\t\t\t\t\t<div class=\"elementor-container elementor-column-gap-no\">\n\t\t\t\t\t<div class=\"elementor-column elementor-col-100 elementor-top-column elementor-element elementor-element-12cefd0d\" data-id=\"12cefd0d\" data-element_type=\"column\">\n\t\t\t<div class=\"elementor-widget-wrap elementor-element-populated\">\n\t\t\t\t<div class=\"elementor-element elementor-element-4ee9d2ab e-flex e-con-boxed e-con e-parent\" data-id=\"4ee9d2ab\" data-element_type=\"container\">\n\t\t\t\t\t<div class=\"e-con-inner\">\n\t\t<div class=\"elementor-element elementor-element-98d4b24 e-con-full e-flex elementor-invisible e-con e-child\" data-id=\"98d4b24\" data-element_type=\"container\" data-settings=\"{&quot;animation&quot;:&quot;fadeInLeft&quot;}\">\n\t\t\t\t<div class=\"elementor-element elementor-element-5ce275d elementor-widget elementor-widget-heading\" data-id=\"5ce275d\" data-element_type=\"widget\" data-widget_type=\"heading.default\">\n\t\t\t\t\t<span class=\"elementor-heading-title elementor-size-default\">Menu types<\/span>\t\t\t\t<\/div>\n\t\t\t\t<div class=\"elementor-element elementor-element-4d9e942 elementor-widget elementor-widget-image\" data-id=\"4d9e942\" data-element_type=\"widget\" data-widget_type=\"image.default\">\n\t\t\t\t\t\t\t\t\t\t\t\t\t\t\t<img decoding=\"async\" src=\"https:\/\/staging.theriver.ro\/wp-content\/uploads\/2025\/10\/mountain.png\" title=\"mountain\" alt=\"mountain\" loading=\"lazy\" \/>\t\t\t\t\t\t\t\t\t\t\t\t\t\t\t<\/div>\n\t\t\t\t<div class=\"elementor-element elementor-element-1ce96e63 elementor-widget elementor-widget-text-editor\" data-id=\"1ce96e63\" data-element_type=\"widget\" data-widget_type=\"text-editor.default\">\n\t\t\t\t\t\t\t\t\t<p>\u00cen aceast\u0103 sec\u021biune g\u0103se\u0219ti tipurile de meniuri disponibile la The River Chalet. Alegerea meniului \u0219i toate detaliile (num\u0103r de persoane, zile, ore de servire, preferin\u021be alimentare) se stabilesc dup\u0103 \u00eenchiriere, \u00eempreun\u0103 cu managerul pensiunii.<\/p><p><strong>VERY IMPORTANT:<\/strong> meniurile\/serviciile de mas\u0103 nu sunt incluse \u00een tariful de \u00eenchiriere \u0219i vor fi pl\u0103tite separat, suplimentar, conform op\u021biunilor agreate.<\/p>\t\t\t\t\t\t\t\t<\/div>\n\t\t\t\t<\/div>\n\t\t<div class=\"elementor-element elementor-element-36ca5436 e-con-full e-flex elementor-invisible e-con e-child\" data-id=\"36ca5436\" data-element_type=\"container\" data-settings=\"{&quot;animation&quot;:&quot;fadeInRight&quot;,&quot;animation_mobile&quot;:&quot;fadeInUp&quot;}\">\n\t\t\t\t<div class=\"elementor-element elementor-element-2f01fdf elementor-align-left elementor-mobile-align-left elementor-hidden-desktop elementor-hidden-tablet elementor-hidden-mobile elementor-widget elementor-widget-button\" data-id=\"2f01fdf\" data-element_type=\"widget\" data-widget_type=\"button.default\">\n\t\t\t\t\t\t\t\t\t\t<a class=\"elementor-button elementor-button-link elementor-size-sm\" href=\"https:\/\/theriver.ro\/wp-content\/uploads\/2026\/02\/Meniu-traditional.pdf\" target=\"_blank\" rel=\"noopener\">\n\t\t\t\t\t\t<span class=\"elementor-button-content-wrapper\">\n\t\t\t\t\t\t\t\t\t<span class=\"elementor-button-text\">Meniu Tradi\u021bional<\/span>\n\t\t\t\t\t<\/span>\n\t\t\t\t\t<\/a>\n\t\t\t\t\t\t\t\t<\/div>\n\t\t\t\t<div class=\"elementor-element elementor-element-2470385 elementor-align-left elementor-mobile-align-left elementor-widget elementor-widget-button\" data-id=\"2470385\" data-element_type=\"widget\" data-widget_type=\"button.default\">\n\t\t\t\t\t\t\t\t\t\t<a class=\"elementor-button elementor-button-link elementor-size-sm\" href=\"https:\/\/theriver.ro\/wp-content\/uploads\/2026\/02\/Meniu-economy-River-Chalet-1-sept-2025.pdf\" target=\"_blank\" rel=\"noopener\">\n\t\t\t\t\t\t<span class=\"elementor-button-content-wrapper\">\n\t\t\t\t\t\t\t\t\t<span class=\"elementor-button-text\">Economy menu<\/span>\n\t\t\t\t\t<\/span>\n\t\t\t\t\t<\/a>\n\t\t\t\t\t\t\t\t<\/div>\n\t\t\t\t<div class=\"elementor-element elementor-element-d7e54e4 elementor-align-left elementor-mobile-align-left elementor-widget elementor-widget-button\" data-id=\"d7e54e4\" data-element_type=\"widget\" data-widget_type=\"button.default\">\n\t\t\t\t\t\t\t\t\t\t<a class=\"elementor-button elementor-button-link elementor-size-sm\" href=\"https:\/\/theriver.ro\/wp-content\/uploads\/2026\/02\/Meniu-medium-River-Chalet-1-sept-2025.pdf\" target=\"_blank\" rel=\"noopener\">\n\t\t\t\t\t\t<span class=\"elementor-button-content-wrapper\">\n\t\t\t\t\t\t\t\t\t<span class=\"elementor-button-text\">Medium Menu<\/span>\n\t\t\t\t\t<\/span>\n\t\t\t\t\t<\/a>\n\t\t\t\t\t\t\t\t<\/div>\n\t\t\t\t<div class=\"elementor-element elementor-element-5a041ac elementor-align-left elementor-mobile-align-left elementor-widget elementor-widget-button\" data-id=\"5a041ac\" data-element_type=\"widget\" data-widget_type=\"button.default\">\n\t\t\t\t\t\t\t\t\t\t<a class=\"elementor-button elementor-button-link elementor-size-sm\" href=\"https:\/\/theriver.ro\/wp-content\/uploads\/2026\/02\/Meniu-premium-River-Chalet-1-sept-2025.pdf\" target=\"_blank\" rel=\"noopener\">\n\t\t\t\t\t\t<span class=\"elementor-button-content-wrapper\">\n\t\t\t\t\t\t\t\t\t<span class=\"elementor-button-text\">Premium Menu<\/span>\n\t\t\t\t\t<\/span>\n\t\t\t\t\t<\/a>\n\t\t\t\t\t\t\t\t<\/div>\n\t\t\t\t<\/div>\n\t\t\t\t\t<\/div>\n\t\t\t\t<\/div>\n\t\t\t\t\t<\/div>\n\t\t<\/div>\n\t\t\t\t\t<\/div>\n\t\t<\/section>\n\t\t\t\t<section class=\"elementor-section elementor-top-section elementor-element elementor-element-5458ad8 elementor-section-stretched elementor-section-boxed elementor-section-height-default elementor-section-height-default\" data-id=\"5458ad8\" data-element_type=\"section\" data-settings=\"{&quot;stretch_section&quot;:&quot;section-stretched&quot;}\">\n\t\t\t\t\t\t<div class=\"elementor-container elementor-column-gap-no\">\n\t\t\t\t\t<div class=\"elementor-column elementor-col-100 elementor-top-column elementor-element elementor-element-fefec0c\" data-id=\"fefec0c\" data-element_type=\"column\">\n\t\t\t<div class=\"elementor-widget-wrap elementor-element-populated\">\n\t\t\t\t<div class=\"elementor-element elementor-element-1e49faa5 e-flex e-con-boxed e-con e-child\" data-id=\"1e49faa5\" data-element_type=\"container\">\n\t\t\t\t\t<div class=\"e-con-inner\">\n\t\t<div class=\"elementor-element elementor-element-bceb724 e-con-full e-flex e-con e-child\" data-id=\"bceb724\" data-element_type=\"container\">\n\t\t<div class=\"elementor-element elementor-element-e8a6bb4 e-con-full e-flex e-con e-child\" data-id=\"e8a6bb4\" data-element_type=\"container\">\n\t\t\t\t<div class=\"elementor-element elementor-element-d85ad5a elementor-widget elementor-widget-heading\" data-id=\"d85ad5a\" data-element_type=\"widget\" data-widget_type=\"heading.default\">\n\t\t\t\t\t<span class=\"elementor-heading-title elementor-size-default\">Condi\u021bii de \u00eenchiriere<\/span>\t\t\t\t<\/div>\n\t\t\t\t<div class=\"elementor-element elementor-element-aac6c26 elementor-widget elementor-widget-text-editor\" data-id=\"aac6c26\" data-element_type=\"widget\" data-widget_type=\"text-editor.default\">\n\t\t\t\t\t\t\t\t\t<p data-start=\"205\" data-end=\"498\">Important: Pensiunea The River Chalet se \u00eenchiriaz\u0103 doar integral (\u00eentreaga proprietate), unui singur grup. <\/p>\t\t\t\t\t\t\t\t<\/div>\n\t\t\t\t<div class=\"elementor-element elementor-element-88de26e elementor-widget elementor-widget-text-editor\" data-id=\"88de26e\" data-element_type=\"widget\" data-widget_type=\"text-editor.default\">\n\t\t\t\t\t\t\t\t\t<h5>1. Despre \u00eenchiriere<\/h5><ul><li data-start=\"319\" data-end=\"508\"><p data-start=\"321\" data-end=\"508\">Obiectul \u00eenchirierii: \u00eentreaga proprietate (spa\u021biu de cazare, salon de mese, buc\u0103t\u0103rie\/restaurant, saune, ciub\u0103r, terase, sala de conferin\u021b\u0103 \u0219i dot\u0103rile aferente), conform contractului.<\/p><\/li><li data-start=\"509\" data-end=\"611\"><p data-start=\"511\" data-end=\"611\">Scopul \u00eenchirierii se stabile\u0219te \u00een contract (de exemplu: eveniment corporate \/ eveniment privat).<\/p><\/li><li data-start=\"612\" data-end=\"730\"><p data-start=\"614\" data-end=\"730\">Num\u0103rul de persoane \u0219i detaliile serviciilor (mese, ore de servire etc.) se confirm\u0103 \u00een avans, conform contractului.<\/p><\/li><\/ul><h5>2. Check-in \/ Check-out<\/h5><ul><li data-start=\"763\" data-end=\"903\"><p data-start=\"765\" data-end=\"903\">Orele de check-in \u0219i check-out NU sunt fixe. Se stabilesc de comun acord, \u00eenainte de sosire, \u00een func\u021bie de disponibilitate \u0219i logistic\u0103.<\/p><\/li><li data-start=\"904\" data-end=\"1017\"><p data-start=\"906\" data-end=\"1017\">De exemplu, sosirea poate fi \u0219i dup\u0103 ora 22:00 sau plecarea poate fi prelungit\u0103, dac\u0103 este agreat \u00een prealabil.<\/p><\/li><\/ul><h5>3. Tarife \u0219i pl\u0103\u021bi<\/h5><ul><li data-start=\"1045\" data-end=\"1187\"><p data-start=\"1047\" data-end=\"1187\">Exist\u0103 posibilitatea pl\u0103\u021bii unui avans de 30%, dupa semnarea contractului de \u00eenchiriere. Pentru aceasta, contactati-ne (link spre pagina de contact)<\/p><\/li><li data-start=\"1188\" data-end=\"1255\">Serviciile de mas\u0103 (pr\u00e2nz\/cin\u0103) sunt disponibile la cerere \u0219i sunt tarifate separat, conform contractului \u0219i\/sau ofertei comunicate.<\/li><\/ul><h5>4. Anul\u0103ri \/ neprezentare<\/h5><ul><li data-start=\"1540\" data-end=\"1681\"><p data-start=\"1542\" data-end=\"1681\">Anulare cu mai pu\u021bin de 20 zile \u00eenainte de check-in: chiria\u0219ul datoreaz\u0103 30% din valoarea total\u0103 a contractului, cu titlu de desp\u0103gubiri.<\/p><\/li><li data-start=\"1682\" data-end=\"1839\"><p data-start=\"1684\" data-end=\"1839\">Neprezentare sau anulare cu mai pu\u021bin de 10 zile \u00eenainte de check-in: chiria\u0219ul datoreaz\u0103 100% din valoarea total\u0103 a contractului, cu titlu de desp\u0103gubiri.<\/p><\/li><\/ul><h5>5. Predare-primire, responsabilitate \u0219i daune<\/h5><ul><li data-start=\"1894\" data-end=\"2046\"><p data-start=\"1896\" data-end=\"2046\">\u00a0Predarea pensiunii se face pe baz\u0103 de proces-verbal (predare-primire), \u00een care se consemneaz\u0103 starea spa\u021biului \u0219i eventualele elemente nefunc\u021bionale\/avariate.<\/p><\/li><li data-start=\"2047\" data-end=\"2193\"><p data-start=\"2049\" data-end=\"2193\">Chiria\u0219ul r\u0103spunde pentru daunele aduse propriet\u0103\u021bii \u00eenchiriate, lipsa obiectelor de inventar \u0219i a accesoriilor tehnice puse la dispozi\u021bie.<\/p><\/li><li data-start=\"2194\" data-end=\"2394\"><p data-start=\"2196\" data-end=\"2394\">Dac\u0103 se constat\u0103 daune sau lipsuri, acestea se consemneaz\u0103 \u00een procesul-verbal, iar chiria\u0219ul achit\u0103 contravaloarea pe baza facturii emise; termen uzual de plat\u0103: max. 3 zile de la primirea facturii.<\/p><\/li><\/ul>\t\t\t\t\t\t\t\t<\/div>\n\t\t\t\t<\/div>\n\t\t<div class=\"elementor-element elementor-element-ff888c7 e-con-full e-flex e-con e-child\" data-id=\"ff888c7\" data-element_type=\"container\">\n\t\t\t\t<div class=\"elementor-element elementor-element-eca9639 elementor-invisible elementor-widget elementor-widget-image\" data-id=\"eca9639\" data-element_type=\"widget\" data-settings=\"{&quot;_animation&quot;:&quot;fadeInRight&quot;,&quot;_animation_mobile&quot;:&quot;fadeInUp&quot;}\" data-widget_type=\"image.default\">\n\t\t\t\t\t\t\t\t\t\t\t\t\t\t\t<img decoding=\"async\" src=\"https:\/\/staging.theriver.ro\/wp-content\/uploads\/elementor\/thumbs\/TRC-1-scaled-rjjgbzrhj76mzu9becat1i570ja550906uc5v44ni8.jpg\" title=\"Bar_6\" alt=\"Bar_6\" loading=\"lazy\" \/>\t\t\t\t\t\t\t\t\t\t\t\t\t\t\t<\/div>\n\t\t\t\t<div class=\"elementor-element elementor-element-0e277fb elementor-widget elementor-widget-text-editor\" data-id=\"0e277fb\" data-element_type=\"widget\" data-widget_type=\"text-editor.default\">\n\t\t\t\t\t\t\t\t\t<h5>6. Cur\u0103\u021benie \u0219i utilizare f\u0103r\u0103 personal<\/h5><ul><li data-start=\"2443\" data-end=\"2614\"><p data-start=\"2445\" data-end=\"2614\">Dac\u0103 se opteaz\u0103 pentru autogospod\u0103rire (\u00eenchiriere f\u0103r\u0103 personal), chiria\u0219ul are obliga\u021bia de debarasare \u0219i cur\u0103\u021benie primar\u0103 (interior\/exterior) a bunurilor folosite.<\/p><\/li><li data-start=\"2615\" data-end=\"2695\"><p data-start=\"2617\" data-end=\"2695\">Op\u021bional, proprietarul poate asigura personal pentru cur\u0103\u021benie, contra cost.<\/p><\/li><li data-start=\"2696\" data-end=\"2826\"><p data-start=\"2698\" data-end=\"2826\">Nerespectarea obliga\u021biei de cur\u0103\u021benie primar\u0103 poate genera costuri suplimentare facturate \u00een func\u021bie de orele de lucru necesare.<\/p><\/li><\/ul><h5>7. Lini\u0219te, siguran\u021b\u0103 \u0219i reguli de convie\u021buire<\/h5><ul><li data-start=\"2882\" data-end=\"3202\"><p data-start=\"2884\" data-end=\"3202\">Chiria\u0219ul (titularul contractului) este responsabil pentru respectarea normelor P.S.I., pentru conduita invita\u021bilor, c\u00e2t \u0219i pentru respectarea Legii 61\/1991, republicat\u0103, privind tulburarea lini\u0219tii publice pe durata \u00eenchirierii, iar eventualele incidente cu autorit\u0103\u021bile ori vecinii revin \u00een sarcina chiria\u0219ului.<\/p><\/li><li data-start=\"3203\" data-end=\"3424\"><p data-start=\"3205\" data-end=\"3424\">Activit\u0103\u021bi cu ter\u021bi (catering, concerte, activit\u0103\u021bi educa\u021bionale etc.) se pot desf\u0103\u0219ura doar cu acordul scris al proprietarului; lipsa acordului poate duce la rezilierea contractului \u0219i evacuarea imediat\u0103, f\u0103r\u0103 protest.<\/p><\/li><\/ul><h5>8. Contractul integral<\/h5><p>Condi\u021biile detaliate de \u00eenchiriere, serviciile incluse, obliga\u021biile p\u0103r\u021bilor \u0219i clauzele finale, sunt prev\u0103zute \u00een Contractul de \u00eenchiriere, pe care il po\u021bi citi AICI (link spre draftul de contract)<\/p>\t\t\t\t\t\t\t\t<\/div>\n\t\t\t\t<\/div>\n\t\t\t\t<\/div>\n\t\t\t\t\t<\/div>\n\t\t\t\t<\/div>\n\t\t\t\t\t<\/div>\n\t\t<\/div>\n\t\t\t\t\t<\/div>\n\t\t<\/section>\n\t\t<div class=\"elementor-element elementor-element-70d2dade e-con-full e-flex e-con e-parent\" data-id=\"70d2dade\" data-element_type=\"container\">\n\t\t<div class=\"elementor-element elementor-element-164ec274 e-con-full e-flex elementor-invisible e-con e-child\" data-id=\"164ec274\" data-element_type=\"container\" data-settings=\"{&quot;background_background&quot;:&quot;classic&quot;,&quot;animation&quot;:&quot;slideInRight&quot;}\">\n\t\t<div class=\"elementor-element elementor-element-7c1ff079 e-con-full e-flex e-con e-child\" data-id=\"7c1ff079\" data-element_type=\"container\">\n\t\t<div class=\"elementor-element elementor-element-1c686f9b e-con-full e-flex e-con e-child\" data-id=\"1c686f9b\" data-element_type=\"container\">\n\t\t\t\t<div class=\"elementor-element elementor-element-5ebb50e6 elementor-widget elementor-widget-heading\" data-id=\"5ebb50e6\" data-element_type=\"widget\" data-widget_type=\"heading.default\">\n\t\t\t\t\t<span class=\"elementor-heading-title elementor-size-default\">Come to The River Chalet<\/span>\t\t\t\t<\/div>\n\t\t\t\t<div class=\"elementor-element elementor-element-50282d87 elementor-widget elementor-widget-text-editor\" data-id=\"50282d87\" data-element_type=\"widget\" data-widget_type=\"text-editor.default\">\n\t\t\t\t\t\t\t\t\t<p>Planific\u0103 din timp urm\u0103toarea ta escapad\u0103 \u2013 fie c\u0103 este un weekend lini\u0219tit, o \u00eent\u00e2lnire cu prietenii sau un eveniment special, The River Chalet te a\u0219teapt\u0103.<\/p>\t\t\t\t\t\t\t\t<\/div>\n\t\t\t\t<div class=\"elementor-element elementor-element-1b24485 elementor-widget__width-auto elementor-align-left elementor-widget elementor-widget-button\" data-id=\"1b24485\" data-element_type=\"widget\" data-widget_type=\"button.default\">\n\t\t\t\t\t\t\t\t\t\t<a class=\"elementor-button elementor-button-link elementor-size-sm\" href=\"\/en\/book\/\">\n\t\t\t\t\t\t<span class=\"elementor-button-content-wrapper\">\n\t\t\t\t\t\t\t\t\t<span class=\"elementor-button-text\">Rezerv\u0103 Acum<\/span>\n\t\t\t\t\t<\/span>\n\t\t\t\t\t<\/a>\n\t\t\t\t\t\t\t\t<\/div>\n\t\t\t\t<\/div>\n\t\t<div class=\"elementor-element elementor-element-561f49c2 e-con-full e-flex e-con e-child\" data-id=\"561f49c2\" data-element_type=\"container\">\n\t\t\t\t<div class=\"elementor-element elementor-element-fe0a91c elementor-widget elementor-widget-image\" data-id=\"fe0a91c\" data-element_type=\"widget\" data-widget_type=\"image.default\">\n\t\t\t\t\t\t\t\t\t\t\t\t\t\t\t<img decoding=\"async\" src=\"https:\/\/staging.theriver.ro\/wp-content\/uploads\/elementor\/thumbs\/IMG_0543-1-rjjgrjzaoghj7fnkj2ggbkrx26kwkm10zv5jw120hs.jpg\" title=\"Masa-festiva_4\" alt=\"Masa-festiva_4\" loading=\"lazy\" \/>\t\t\t\t\t\t\t\t\t\t\t\t\t\t\t<\/div>\n\t\t\t\t<\/div>\n\t\t\t\t<\/div>\n\t\t\t\t<\/div>\n\t\t\t\t<\/div>\n\t\t\t\t<\/div>","protected":false},"excerpt":{"rendered":"<p>Ghidul oaspe\u00c8\u203ailor Informa\u00c8\u203aiile de mai jos te ajut\u00c4\u0192 s\u00c4\u0192 te bucuri de o experien\u00c8\u203a\u00c4\u0192 pl\u00c4\u0192cut\u00c4\u0192 \u00c8\u2122i relaxat\u00c4\u0192. Te rug\u00c4\u0192m s\u00c4\u0192 le consul\u00c8\u203ai \u00c3\u00aenainte de sosire, pentru o \u00c8\u2122edere f\u00c4\u0192r\u00c4\u0192 griji. Tipuri de meniuri \u00c3\u017dn aceast\u00c4\u0192 sec\u00c8\u203aiune g\u00c4\u0192se\u00c8\u2122ti tipurile de meniuri disponibile la The River Chalet. Alegerea meniului \u00c8\u2122i toate detaliile (num\u00c4\u0192r de persoane, zile, ore [&hellip;]<\/p>","protected":false},"author":1,"featured_media":0,"parent":0,"menu_order":0,"comment_status":"closed","ping_status":"closed","template":"elementor_header_footer","meta":{"footnotes":""},"class_list":["post-312","page","type-page","status-publish","hentry"],"_hostinger_reach_plugin_has_subscription_block":false,"_hostinger_reach_plugin_is_elementor":false,"_links":{"self":[{"href":"https:\/\/staging.theriver.ro\/en\/wp-json\/wp\/v2\/pages\/312","targetHints":{"allow":["GET"]}}],"collection":[{"href":"https:\/\/staging.theriver.ro\/en\/wp-json\/wp\/v2\/pages"}],"about":[{"href":"https:\/\/staging.theriver.ro\/en\/wp-json\/wp\/v2\/types\/page"}],"author":[{"embeddable":true,"href":"https:\/\/staging.theriver.ro\/en\/wp-json\/wp\/v2\/users\/1"}],"replies":[{"embeddable":true,"href":"https:\/\/staging.theriver.ro\/en\/wp-json\/wp\/v2\/comments?post=312"}],"version-history":[{"count":85,"href":"https:\/\/staging.theriver.ro\/en\/wp-json\/wp\/v2\/pages\/312\/revisions"}],"predecessor-version":[{"id":1876,"href":"https:\/\/staging.theriver.ro\/en\/wp-json\/wp\/v2\/pages\/312\/revisions\/1876"}],"wp:attachment":[{"href":"https:\/\/staging.theriver.ro\/en\/wp-json\/wp\/v2\/media?parent=312"}],"curies":[{"name":"wp","href":"https:\/\/api.w.org\/{rel}","templated":true}]}}